{"id":51,"date":"2014-11-14T16:23:26","date_gmt":"2014-11-14T16:23:26","guid":{"rendered":"http:\/\/mediatronic.de\/2.0\/?page_id=51"},"modified":"2015-02-23T14:44:02","modified_gmt":"2015-02-23T13:44:02","slug":"handy-reparaturen","status":"publish","type":"page","link":"https:\/\/www.mediatronic.de\/2.0\/handy-reparaturen\/","title":{"rendered":"Handy-Reparaturen"},"content":{"rendered":"<h4 style=\"text-align: center;\">Handy kaputt?<\/h4>\n<p style=\"text-align: justify;\"><img loading=\"lazy\" decoding=\"async\" class=\"alignleft wp-image-52 size-full\" src=\"https:\/\/www.mediatronic.de\/2.0\/wp-content\/uploads\/2014\/11\/handyreparatur.jpg\" alt=\"handyreparatur\" width=\"300\" height=\"300\" srcset=\"https:\/\/www.mediatronic.de\/2.0\/wp-content\/uploads\/2014\/11\/handyreparatur.jpg 300w, https:\/\/www.mediatronic.de\/2.0\/wp-content\/uploads\/2014\/11\/handyreparatur-150x150.jpg 150w, https:\/\/www.mediatronic.de\/2.0\/wp-content\/uploads\/2014\/11\/handyreparatur-225x225.jpg 225w, https:\/\/www.mediatronic.de\/2.0\/wp-content\/uploads\/2014\/11\/handyreparatur-75x75.jpg 75w\" sizes=\"auto, (max-width: 300px) 100vw, 300px\" \/>Egal ob Speicherprobleme, defekter Akku, Displayschaden, Funktionstest, Softwareupdate, Reinigung, Wackelkontakte,\u00a0\u00a0 Austausch von Geh\u00e4use oder Elektronikteilen wir sind der richtige Ansprechpartner f\u00fcr Sie.<\/p>\n<p>Mit moderner Technik und speziell geschulten Personal k\u00f6nnen wir einen hohen Qualit\u00e4tsstandard und schnelle Durchlaufzeiten erzielen.<\/p>\n<p>Auf Wunsch sichern wir Ihre gesamten Telefonbuch-Daten: Namen, Adressen, und Telefonnummern. Sie brauchen uns nur vor der Reparatur bescheid geben.<\/p>\n","protected":false},"excerpt":{"rendered":"<p>Handy kaputt? Egal ob Speicherprobleme, defekter Akku, Displayschaden, Funktionstest, Softwareupdate, Reinigung, Wackelkontakte,\u00a0\u00a0 Austausch von Geh\u00e4use oder Elektronikteilen wir sind der richtige Ansprechpartner f\u00fcr Sie. Mit moderner Technik und speziell geschulten Personal k\u00f6nnen wir einen hohen Qualit\u00e4tsstandard und schnelle Durchlaufzeiten erzielen. Auf Wunsch sichern wir Ihre gesamten Telefonbuch-Daten: Namen, Adressen, und<\/p>\n","protected":false},"author":1,"featured_media":0,"parent":0,"menu_order":35,"comment_status":"closed","ping_status":"closed","template":"","meta":{"_monsterinsights_skip_tracking":false,"_monsterinsights_sitenote_active":false,"_monsterinsights_sitenote_note":"","_monsterinsights_sitenote_category":0,"jetpack_post_was_ever_published":false,"footnotes":""},"class_list":["post-51","page","type-page","status-publish","hentry"],"yoast_head":"<!-- This site is optimized with the Yoast SEO plugin v26.5 - https:\/\/yoast.com\/wordpress\/plugins\/seo\/ -->\n<title>Handy-Reparaturen - MediaTronic<\/title>\n<meta name=\"robots\" content=\"index, follow, max-snippet:-1, max-image-preview:large, max-video-preview:-1\" \/>\n<link rel=\"canonical\" href=\"https:\/\/www.mediatronic.de\/2.0\/handy-reparaturen\/\" \/>\n<meta property=\"og:locale\" content=\"de_DE\" \/>\n<meta property=\"og:type\" content=\"article\" \/>\n<meta property=\"og:title\" content=\"Handy-Reparaturen - MediaTronic\" \/>\n<meta property=\"og:description\" content=\"Handy kaputt? Egal ob Speicherprobleme, defekter Akku, Displayschaden, Funktionstest, Softwareupdate, Reinigung, Wackelkontakte,\u00a0\u00a0 Austausch von Geh\u00e4use oder Elektronikteilen wir sind der richtige Ansprechpartner f\u00fcr Sie. Mit moderner Technik und speziell geschulten Personal k\u00f6nnen wir einen hohen Qualit\u00e4tsstandard und schnelle Durchlaufzeiten erzielen. Auf Wunsch sichern wir Ihre gesamten Telefonbuch-Daten: Namen, Adressen, und\" \/>\n<meta property=\"og:url\" content=\"https:\/\/www.mediatronic.de\/2.0\/handy-reparaturen\/\" \/>\n<meta property=\"og:site_name\" content=\"MediaTronic\" \/>\n<meta property=\"article:publisher\" content=\"https:\/\/www.facebook.com\/Systemhaus.MediaTronic\" \/>\n<meta property=\"article:modified_time\" content=\"2015-02-23T13:44:02+00:00\" \/>\n<meta property=\"og:image\" content=\"https:\/\/www.mediatronic.de\/2.0\/wp-content\/uploads\/2014\/11\/handyreparatur.jpg\" \/>\n<script type=\"application\/ld+json\" class=\"yoast-schema-graph\">{\"@context\":\"https:\/\/schema.org\",\"@graph\":[{\"@type\":\"WebPage\",\"@id\":\"https:\/\/www.mediatronic.de\/2.0\/handy-reparaturen\/\",\"url\":\"https:\/\/www.mediatronic.de\/2.0\/handy-reparaturen\/\",\"name\":\"Handy-Reparaturen - MediaTronic\",\"isPartOf\":{\"@id\":\"https:\/\/www.mediatronic.de\/2.0\/#website\"},\"primaryImageOfPage\":{\"@id\":\"https:\/\/www.mediatronic.de\/2.0\/handy-reparaturen\/#primaryimage\"},\"image\":{\"@id\":\"https:\/\/www.mediatronic.de\/2.0\/handy-reparaturen\/#primaryimage\"},\"thumbnailUrl\":\"https:\/\/www.mediatronic.de\/2.0\/wp-content\/uploads\/2014\/11\/handyreparatur.jpg\",\"datePublished\":\"2014-11-14T16:23:26+00:00\",\"dateModified\":\"2015-02-23T13:44:02+00:00\",\"breadcrumb\":{\"@id\":\"https:\/\/www.mediatronic.de\/2.0\/handy-reparaturen\/#breadcrumb\"},\"inLanguage\":\"de\",\"potentialAction\":[{\"@type\":\"ReadAction\",\"target\":[\"https:\/\/www.mediatronic.de\/2.0\/handy-reparaturen\/\"]}]},{\"@type\":\"ImageObject\",\"inLanguage\":\"de\",\"@id\":\"https:\/\/www.mediatronic.de\/2.0\/handy-reparaturen\/#primaryimage\",\"url\":\"https:\/\/www.mediatronic.de\/2.0\/wp-content\/uploads\/2014\/11\/handyreparatur.jpg\",\"contentUrl\":\"https:\/\/www.mediatronic.de\/2.0\/wp-content\/uploads\/2014\/11\/handyreparatur.jpg\",\"width\":300,\"height\":300},{\"@type\":\"BreadcrumbList\",\"@id\":\"https:\/\/www.mediatronic.de\/2.0\/handy-reparaturen\/#breadcrumb\",\"itemListElement\":[{\"@type\":\"ListItem\",\"position\":1,\"name\":\"Startseite\",\"item\":\"https:\/\/www.mediatronic.de\/2.0\/\"},{\"@type\":\"ListItem\",\"position\":2,\"name\":\"Handy-Reparaturen\"}]},{\"@type\":\"WebSite\",\"@id\":\"https:\/\/www.mediatronic.de\/2.0\/#website\",\"url\":\"https:\/\/www.mediatronic.de\/2.0\/\",\"name\":\"MediaTronic\",\"description\":\"Das Systemhaus in Cottbus-Kolkwitz und Finsterwalde\",\"potentialAction\":[{\"@type\":\"SearchAction\",\"target\":{\"@type\":\"EntryPoint\",\"urlTemplate\":\"https:\/\/www.mediatronic.de\/2.0\/?s={search_term_string}\"},\"query-input\":{\"@type\":\"PropertyValueSpecification\",\"valueRequired\":true,\"valueName\":\"search_term_string\"}}],\"inLanguage\":\"de\"}]}<\/script>\n<!-- \/ Yoast SEO plugin. -->","yoast_head_json":{"title":"Handy-Reparaturen - MediaTronic","robots":{"index":"index","follow":"follow","max-snippet":"max-snippet:-1","max-image-preview":"max-image-preview:large","max-video-preview":"max-video-preview:-1"},"canonical":"https:\/\/www.mediatronic.de\/2.0\/handy-reparaturen\/","og_locale":"de_DE","og_type":"article","og_title":"Handy-Reparaturen - MediaTronic","og_description":"Handy kaputt? Egal ob Speicherprobleme, defekter Akku, Displayschaden, Funktionstest, Softwareupdate, Reinigung, Wackelkontakte,\u00a0\u00a0 Austausch von Geh\u00e4use oder Elektronikteilen wir sind der richtige Ansprechpartner f\u00fcr Sie. Mit moderner Technik und speziell geschulten Personal k\u00f6nnen wir einen hohen Qualit\u00e4tsstandard und schnelle Durchlaufzeiten erzielen. Auf Wunsch sichern wir Ihre gesamten Telefonbuch-Daten: Namen, Adressen, und","og_url":"https:\/\/www.mediatronic.de\/2.0\/handy-reparaturen\/","og_site_name":"MediaTronic","article_publisher":"https:\/\/www.facebook.com\/Systemhaus.MediaTronic","article_modified_time":"2015-02-23T13:44:02+00:00","og_image":[{"url":"https:\/\/www.mediatronic.de\/2.0\/wp-content\/uploads\/2014\/11\/handyreparatur.jpg","type":"","width":"","height":""}],"schema":{"@context":"https:\/\/schema.org","@graph":[{"@type":"WebPage","@id":"https:\/\/www.mediatronic.de\/2.0\/handy-reparaturen\/","url":"https:\/\/www.mediatronic.de\/2.0\/handy-reparaturen\/","name":"Handy-Reparaturen - MediaTronic","isPartOf":{"@id":"https:\/\/www.mediatronic.de\/2.0\/#website"},"primaryImageOfPage":{"@id":"https:\/\/www.mediatronic.de\/2.0\/handy-reparaturen\/#primaryimage"},"image":{"@id":"https:\/\/www.mediatronic.de\/2.0\/handy-reparaturen\/#primaryimage"},"thumbnailUrl":"https:\/\/www.mediatronic.de\/2.0\/wp-content\/uploads\/2014\/11\/handyreparatur.jpg","datePublished":"2014-11-14T16:23:26+00:00","dateModified":"2015-02-23T13:44:02+00:00","breadcrumb":{"@id":"https:\/\/www.mediatronic.de\/2.0\/handy-reparaturen\/#breadcrumb"},"inLanguage":"de","potentialAction":[{"@type":"ReadAction","target":["https:\/\/www.mediatronic.de\/2.0\/handy-reparaturen\/"]}]},{"@type":"ImageObject","inLanguage":"de","@id":"https:\/\/www.mediatronic.de\/2.0\/handy-reparaturen\/#primaryimage","url":"https:\/\/www.mediatronic.de\/2.0\/wp-content\/uploads\/2014\/11\/handyreparatur.jpg","contentUrl":"https:\/\/www.mediatronic.de\/2.0\/wp-content\/uploads\/2014\/11\/handyreparatur.jpg","width":300,"height":300},{"@type":"BreadcrumbList","@id":"https:\/\/www.mediatronic.de\/2.0\/handy-reparaturen\/#breadcrumb","itemListElement":[{"@type":"ListItem","position":1,"name":"Startseite","item":"https:\/\/www.mediatronic.de\/2.0\/"},{"@type":"ListItem","position":2,"name":"Handy-Reparaturen"}]},{"@type":"WebSite","@id":"https:\/\/www.mediatronic.de\/2.0\/#website","url":"https:\/\/www.mediatronic.de\/2.0\/","name":"MediaTronic","description":"Das Systemhaus in Cottbus-Kolkwitz und Finsterwalde","potentialAction":[{"@type":"SearchAction","target":{"@type":"EntryPoint","urlTemplate":"https:\/\/www.mediatronic.de\/2.0\/?s={search_term_string}"},"query-input":{"@type":"PropertyValueSpecification","valueRequired":true,"valueName":"search_term_string"}}],"inLanguage":"de"}]}},"jetpack_sharing_enabled":true,"jetpack_shortlink":"https:\/\/wp.me\/P5n3wk-P","_links":{"self":[{"href":"https:\/\/www.mediatronic.de\/2.0\/wp-json\/wp\/v2\/pages\/51","targetHints":{"allow":["GET"]}}],"collection":[{"href":"https:\/\/www.mediatronic.de\/2.0\/wp-json\/wp\/v2\/pages"}],"about":[{"href":"https:\/\/www.mediatronic.de\/2.0\/wp-json\/wp\/v2\/types\/page"}],"author":[{"embeddable":true,"href":"https:\/\/www.mediatronic.de\/2.0\/wp-json\/wp\/v2\/users\/1"}],"replies":[{"embeddable":true,"href":"https:\/\/www.mediatronic.de\/2.0\/wp-json\/wp\/v2\/comments?post=51"}],"version-history":[{"count":3,"href":"https:\/\/www.mediatronic.de\/2.0\/wp-json\/wp\/v2\/pages\/51\/revisions"}],"predecessor-version":[{"id":170,"href":"https:\/\/www.mediatronic.de\/2.0\/wp-json\/wp\/v2\/pages\/51\/revisions\/170"}],"wp:attachment":[{"href":"https:\/\/www.mediatronic.de\/2.0\/wp-json\/wp\/v2\/media?parent=51"}],"curies":[{"name":"wp","href":"https:\/\/api.w.org\/{rel}","templated":true}]}}