{"id":48,"date":"2014-11-14T16:19:58","date_gmt":"2014-11-14T16:19:58","guid":{"rendered":"http:\/\/mediatronic.de\/2.0\/?page_id=48"},"modified":"2015-02-23T14:43:48","modified_gmt":"2015-02-23T13:43:48","slug":"netzwerktechnik","status":"publish","type":"page","link":"https:\/\/www.mediatronic.de\/2.0\/netzwerktechnik\/","title":{"rendered":"Netzwerktechnik"},"content":{"rendered":"<h4 style=\"text-align: center;\">Ihre Rechner wollen Kontakt aufnehmen?<\/h4>\n<p style=\"text-align: justify;\"><img loading=\"lazy\" decoding=\"async\" class=\"alignleft wp-image-49 size-full\" src=\"https:\/\/www.mediatronic.de\/2.0\/wp-content\/uploads\/2014\/11\/netzwerk.jpg\" alt=\"netzwerk\" width=\"300\" height=\"300\" srcset=\"https:\/\/www.mediatronic.de\/2.0\/wp-content\/uploads\/2014\/11\/netzwerk.jpg 300w, https:\/\/www.mediatronic.de\/2.0\/wp-content\/uploads\/2014\/11\/netzwerk-150x150.jpg 150w, https:\/\/www.mediatronic.de\/2.0\/wp-content\/uploads\/2014\/11\/netzwerk-225x225.jpg 225w, https:\/\/www.mediatronic.de\/2.0\/wp-content\/uploads\/2014\/11\/netzwerk-75x75.jpg 75w\" sizes=\"auto, (max-width: 300px) 100vw, 300px\" \/>Schildern Sie uns einfach, welche Art und welchen Umfang eines Netzwerkes Sie ben\u00f6tigen und wir arbeiten mit Ihnen gemeinsam ein Konzept aus.<\/p>\n<p>Die Installation und Einrichtung der Hardware und der Software nehmen unsere erfahrenen Fachkr\u00e4fte vor. Schon w\u00e4hrend des Aufbaus k\u00f6nnen Sie uns mitteilen, ob Sie doch eine \u00c4nderung w\u00fcnschen und unser Team k\u00fcmmert sich sofort darum.<\/p>\n<p>Auch wenn das Netzwerk schon lange in Betrieb ist und die einzelnen Arbeitspl\u00e4tze zuverl\u00e4ssig laufen, k\u00f6nnen Sie sich selbstverst\u00e4ndlich mit Fragen, Problemen und \u00c4nderungsw\u00fcnschen an uns wenden.<\/p>\n","protected":false},"excerpt":{"rendered":"<p>Ihre Rechner wollen Kontakt aufnehmen? Schildern Sie uns einfach, welche Art und welchen Umfang eines Netzwerkes Sie ben\u00f6tigen und wir arbeiten mit Ihnen gemeinsam ein Konzept aus. Die Installation und Einrichtung der Hardware und der Software nehmen unsere erfahrenen Fachkr\u00e4fte vor. Schon w\u00e4hrend des Aufbaus k\u00f6nnen Sie uns mitteilen, ob<\/p>\n","protected":false},"author":1,"featured_media":0,"parent":0,"menu_order":34,"comment_status":"closed","ping_status":"closed","template":"","meta":{"_monsterinsights_skip_tracking":false,"_monsterinsights_sitenote_active":false,"_monsterinsights_sitenote_note":"","_monsterinsights_sitenote_category":0,"jetpack_post_was_ever_published":false,"footnotes":""},"class_list":["post-48","page","type-page","status-publish","hentry"],"yoast_head":"<!-- This site is optimized with the Yoast SEO plugin v26.5 - https:\/\/yoast.com\/wordpress\/plugins\/seo\/ -->\n<title>Netzwerktechnik - MediaTronic<\/title>\n<meta name=\"robots\" content=\"index, follow, max-snippet:-1, max-image-preview:large, max-video-preview:-1\" \/>\n<link rel=\"canonical\" href=\"https:\/\/www.mediatronic.de\/2.0\/netzwerktechnik\/\" \/>\n<meta property=\"og:locale\" content=\"de_DE\" \/>\n<meta property=\"og:type\" content=\"article\" \/>\n<meta property=\"og:title\" content=\"Netzwerktechnik - MediaTronic\" \/>\n<meta property=\"og:description\" content=\"Ihre Rechner wollen Kontakt aufnehmen? Schildern Sie uns einfach, welche Art und welchen Umfang eines Netzwerkes Sie ben\u00f6tigen und wir arbeiten mit Ihnen gemeinsam ein Konzept aus. Die Installation und Einrichtung der Hardware und der Software nehmen unsere erfahrenen Fachkr\u00e4fte vor. Schon w\u00e4hrend des Aufbaus k\u00f6nnen Sie uns mitteilen, ob\" \/>\n<meta property=\"og:url\" content=\"https:\/\/www.mediatronic.de\/2.0\/netzwerktechnik\/\" \/>\n<meta property=\"og:site_name\" content=\"MediaTronic\" \/>\n<meta property=\"article:publisher\" content=\"https:\/\/www.facebook.com\/Systemhaus.MediaTronic\" \/>\n<meta property=\"article:modified_time\" content=\"2015-02-23T13:43:48+00:00\" \/>\n<meta property=\"og:image\" content=\"https:\/\/www.mediatronic.de\/2.0\/wp-content\/uploads\/2014\/11\/netzwerk.jpg\" \/>\n<meta name=\"twitter:label1\" content=\"Gesch\u00e4tzte Lesezeit\" \/>\n\t<meta name=\"twitter:data1\" content=\"1\u00a0Minute\" \/>\n<script type=\"application\/ld+json\" class=\"yoast-schema-graph\">{\"@context\":\"https:\/\/schema.org\",\"@graph\":[{\"@type\":\"WebPage\",\"@id\":\"https:\/\/www.mediatronic.de\/2.0\/netzwerktechnik\/\",\"url\":\"https:\/\/www.mediatronic.de\/2.0\/netzwerktechnik\/\",\"name\":\"Netzwerktechnik - MediaTronic\",\"isPartOf\":{\"@id\":\"https:\/\/www.mediatronic.de\/2.0\/#website\"},\"primaryImageOfPage\":{\"@id\":\"https:\/\/www.mediatronic.de\/2.0\/netzwerktechnik\/#primaryimage\"},\"image\":{\"@id\":\"https:\/\/www.mediatronic.de\/2.0\/netzwerktechnik\/#primaryimage\"},\"thumbnailUrl\":\"https:\/\/www.mediatronic.de\/2.0\/wp-content\/uploads\/2014\/11\/netzwerk.jpg\",\"datePublished\":\"2014-11-14T16:19:58+00:00\",\"dateModified\":\"2015-02-23T13:43:48+00:00\",\"breadcrumb\":{\"@id\":\"https:\/\/www.mediatronic.de\/2.0\/netzwerktechnik\/#breadcrumb\"},\"inLanguage\":\"de\",\"potentialAction\":[{\"@type\":\"ReadAction\",\"target\":[\"https:\/\/www.mediatronic.de\/2.0\/netzwerktechnik\/\"]}]},{\"@type\":\"ImageObject\",\"inLanguage\":\"de\",\"@id\":\"https:\/\/www.mediatronic.de\/2.0\/netzwerktechnik\/#primaryimage\",\"url\":\"https:\/\/www.mediatronic.de\/2.0\/wp-content\/uploads\/2014\/11\/netzwerk.jpg\",\"contentUrl\":\"https:\/\/www.mediatronic.de\/2.0\/wp-content\/uploads\/2014\/11\/netzwerk.jpg\",\"width\":300,\"height\":300},{\"@type\":\"BreadcrumbList\",\"@id\":\"https:\/\/www.mediatronic.de\/2.0\/netzwerktechnik\/#breadcrumb\",\"itemListElement\":[{\"@type\":\"ListItem\",\"position\":1,\"name\":\"Startseite\",\"item\":\"https:\/\/www.mediatronic.de\/2.0\/\"},{\"@type\":\"ListItem\",\"position\":2,\"name\":\"Netzwerktechnik\"}]},{\"@type\":\"WebSite\",\"@id\":\"https:\/\/www.mediatronic.de\/2.0\/#website\",\"url\":\"https:\/\/www.mediatronic.de\/2.0\/\",\"name\":\"MediaTronic\",\"description\":\"Das Systemhaus in Cottbus-Kolkwitz und Finsterwalde\",\"potentialAction\":[{\"@type\":\"SearchAction\",\"target\":{\"@type\":\"EntryPoint\",\"urlTemplate\":\"https:\/\/www.mediatronic.de\/2.0\/?s={search_term_string}\"},\"query-input\":{\"@type\":\"PropertyValueSpecification\",\"valueRequired\":true,\"valueName\":\"search_term_string\"}}],\"inLanguage\":\"de\"}]}<\/script>\n<!-- \/ Yoast SEO plugin. -->","yoast_head_json":{"title":"Netzwerktechnik - MediaTronic","robots":{"index":"index","follow":"follow","max-snippet":"max-snippet:-1","max-image-preview":"max-image-preview:large","max-video-preview":"max-video-preview:-1"},"canonical":"https:\/\/www.mediatronic.de\/2.0\/netzwerktechnik\/","og_locale":"de_DE","og_type":"article","og_title":"Netzwerktechnik - MediaTronic","og_description":"Ihre Rechner wollen Kontakt aufnehmen? Schildern Sie uns einfach, welche Art und welchen Umfang eines Netzwerkes Sie ben\u00f6tigen und wir arbeiten mit Ihnen gemeinsam ein Konzept aus. Die Installation und Einrichtung der Hardware und der Software nehmen unsere erfahrenen Fachkr\u00e4fte vor. Schon w\u00e4hrend des Aufbaus k\u00f6nnen Sie uns mitteilen, ob","og_url":"https:\/\/www.mediatronic.de\/2.0\/netzwerktechnik\/","og_site_name":"MediaTronic","article_publisher":"https:\/\/www.facebook.com\/Systemhaus.MediaTronic","article_modified_time":"2015-02-23T13:43:48+00:00","og_image":[{"url":"https:\/\/www.mediatronic.de\/2.0\/wp-content\/uploads\/2014\/11\/netzwerk.jpg","type":"","width":"","height":""}],"twitter_misc":{"Gesch\u00e4tzte Lesezeit":"1\u00a0Minute"},"schema":{"@context":"https:\/\/schema.org","@graph":[{"@type":"WebPage","@id":"https:\/\/www.mediatronic.de\/2.0\/netzwerktechnik\/","url":"https:\/\/www.mediatronic.de\/2.0\/netzwerktechnik\/","name":"Netzwerktechnik - MediaTronic","isPartOf":{"@id":"https:\/\/www.mediatronic.de\/2.0\/#website"},"primaryImageOfPage":{"@id":"https:\/\/www.mediatronic.de\/2.0\/netzwerktechnik\/#primaryimage"},"image":{"@id":"https:\/\/www.mediatronic.de\/2.0\/netzwerktechnik\/#primaryimage"},"thumbnailUrl":"https:\/\/www.mediatronic.de\/2.0\/wp-content\/uploads\/2014\/11\/netzwerk.jpg","datePublished":"2014-11-14T16:19:58+00:00","dateModified":"2015-02-23T13:43:48+00:00","breadcrumb":{"@id":"https:\/\/www.mediatronic.de\/2.0\/netzwerktechnik\/#breadcrumb"},"inLanguage":"de","potentialAction":[{"@type":"ReadAction","target":["https:\/\/www.mediatronic.de\/2.0\/netzwerktechnik\/"]}]},{"@type":"ImageObject","inLanguage":"de","@id":"https:\/\/www.mediatronic.de\/2.0\/netzwerktechnik\/#primaryimage","url":"https:\/\/www.mediatronic.de\/2.0\/wp-content\/uploads\/2014\/11\/netzwerk.jpg","contentUrl":"https:\/\/www.mediatronic.de\/2.0\/wp-content\/uploads\/2014\/11\/netzwerk.jpg","width":300,"height":300},{"@type":"BreadcrumbList","@id":"https:\/\/www.mediatronic.de\/2.0\/netzwerktechnik\/#breadcrumb","itemListElement":[{"@type":"ListItem","position":1,"name":"Startseite","item":"https:\/\/www.mediatronic.de\/2.0\/"},{"@type":"ListItem","position":2,"name":"Netzwerktechnik"}]},{"@type":"WebSite","@id":"https:\/\/www.mediatronic.de\/2.0\/#website","url":"https:\/\/www.mediatronic.de\/2.0\/","name":"MediaTronic","description":"Das Systemhaus in Cottbus-Kolkwitz und Finsterwalde","potentialAction":[{"@type":"SearchAction","target":{"@type":"EntryPoint","urlTemplate":"https:\/\/www.mediatronic.de\/2.0\/?s={search_term_string}"},"query-input":{"@type":"PropertyValueSpecification","valueRequired":true,"valueName":"search_term_string"}}],"inLanguage":"de"}]}},"jetpack_sharing_enabled":true,"jetpack_shortlink":"https:\/\/wp.me\/P5n3wk-M","_links":{"self":[{"href":"https:\/\/www.mediatronic.de\/2.0\/wp-json\/wp\/v2\/pages\/48","targetHints":{"allow":["GET"]}}],"collection":[{"href":"https:\/\/www.mediatronic.de\/2.0\/wp-json\/wp\/v2\/pages"}],"about":[{"href":"https:\/\/www.mediatronic.de\/2.0\/wp-json\/wp\/v2\/types\/page"}],"author":[{"embeddable":true,"href":"https:\/\/www.mediatronic.de\/2.0\/wp-json\/wp\/v2\/users\/1"}],"replies":[{"embeddable":true,"href":"https:\/\/www.mediatronic.de\/2.0\/wp-json\/wp\/v2\/comments?post=48"}],"version-history":[{"count":2,"href":"https:\/\/www.mediatronic.de\/2.0\/wp-json\/wp\/v2\/pages\/48\/revisions"}],"predecessor-version":[{"id":169,"href":"https:\/\/www.mediatronic.de\/2.0\/wp-json\/wp\/v2\/pages\/48\/revisions\/169"}],"wp:attachment":[{"href":"https:\/\/www.mediatronic.de\/2.0\/wp-json\/wp\/v2\/media?parent=48"}],"curies":[{"name":"wp","href":"https:\/\/api.w.org\/{rel}","templated":true}]}}