{"id":45,"date":"2014-11-14T16:18:47","date_gmt":"2014-11-14T16:18:47","guid":{"rendered":"http:\/\/mediatronic.de\/2.0\/?page_id=45"},"modified":"2015-02-23T14:43:33","modified_gmt":"2015-02-23T13:43:33","slug":"pc-systeme","status":"publish","type":"page","link":"https:\/\/www.mediatronic.de\/2.0\/pc-systeme\/","title":{"rendered":"PC-Systeme"},"content":{"rendered":"<h4 style=\"text-align: center;\">Keine Lust auf veraltete Technik?<\/h4>\n<p style=\"text-align: justify;\"><img loading=\"lazy\" decoding=\"async\" class=\"alignleft wp-image-46 size-full\" src=\"https:\/\/www.mediatronic.de\/2.0\/wp-content\/uploads\/2014\/11\/pcsystem.jpg\" alt=\"pcsystem\" width=\"300\" height=\"300\" srcset=\"https:\/\/www.mediatronic.de\/2.0\/wp-content\/uploads\/2014\/11\/pcsystem.jpg 300w, https:\/\/www.mediatronic.de\/2.0\/wp-content\/uploads\/2014\/11\/pcsystem-150x150.jpg 150w, https:\/\/www.mediatronic.de\/2.0\/wp-content\/uploads\/2014\/11\/pcsystem-225x225.jpg 225w, https:\/\/www.mediatronic.de\/2.0\/wp-content\/uploads\/2014\/11\/pcsystem-75x75.jpg 75w\" sizes=\"auto, (max-width: 300px) 100vw, 300px\" \/>Sie brauchen einen oder mehrere PCs? Aber Sie wollen keinen \u00fcberfl\u00fcssigen &#8222;Schnickschnack&#8220;? Das d\u00fcrfte ein Fall f\u00fcr uns sein.<\/p>\n<p>Unsere PC-Spezialisten stellen Ihre Wunschkonfiguration zusammen und installieren das von Ihnen gew\u00fcnschte Betriebssystem und auch gleich die von Ihnen ben\u00f6tigte Software. Egal ob Office-Anwendungen oder eine andere Software f\u00fcr Ihren t\u00e4glichen Bedarf: alles kein Problem!<\/p>\n<p>Und sollte nach Auslieferung und Einrichtung Ihres Wunsch-PCs ein unerwartetes Problem auftauchen oder Sie haben sich doch f\u00fcr etwas &#8222;Schnickschnack&#8220; entschieden, helfen wir Ihnen gern weiter und sind mit unserem Fachwissen f\u00fcr Sie da.<\/p>\n","protected":false},"excerpt":{"rendered":"<p>Keine Lust auf veraltete Technik? Sie brauchen einen oder mehrere PCs? Aber Sie wollen keinen \u00fcberfl\u00fcssigen &#8222;Schnickschnack&#8220;? Das d\u00fcrfte ein Fall f\u00fcr uns sein. Unsere PC-Spezialisten stellen Ihre Wunschkonfiguration zusammen und installieren das von Ihnen gew\u00fcnschte Betriebssystem und auch gleich die von Ihnen ben\u00f6tigte Software. Egal ob Office-Anwendungen oder eine<\/p>\n","protected":false},"author":1,"featured_media":0,"parent":0,"menu_order":33,"comment_status":"closed","ping_status":"closed","template":"","meta":{"_monsterinsights_skip_tracking":false,"_monsterinsights_sitenote_active":false,"_monsterinsights_sitenote_note":"","_monsterinsights_sitenote_category":0,"jetpack_post_was_ever_published":false,"footnotes":""},"class_list":["post-45","page","type-page","status-publish","hentry"],"yoast_head":"<!-- This site is optimized with the Yoast SEO plugin v27.4 - https:\/\/yoast.com\/product\/yoast-seo-wordpress\/ -->\n<title>PC-Systeme - MediaTronic<\/title>\n<meta name=\"robots\" content=\"index, follow, max-snippet:-1, max-image-preview:large, max-video-preview:-1\" \/>\n<link rel=\"canonical\" href=\"https:\/\/www.mediatronic.de\/2.0\/pc-systeme\/\" \/>\n<meta property=\"og:locale\" content=\"de_DE\" \/>\n<meta property=\"og:type\" content=\"article\" \/>\n<meta property=\"og:title\" content=\"PC-Systeme - MediaTronic\" \/>\n<meta property=\"og:description\" content=\"Keine Lust auf veraltete Technik? Sie brauchen einen oder mehrere PCs? Aber Sie wollen keinen \u00fcberfl\u00fcssigen &#8222;Schnickschnack&#8220;? Das d\u00fcrfte ein Fall f\u00fcr uns sein. Unsere PC-Spezialisten stellen Ihre Wunschkonfiguration zusammen und installieren das von Ihnen gew\u00fcnschte Betriebssystem und auch gleich die von Ihnen ben\u00f6tigte Software. Egal ob Office-Anwendungen oder eine\" \/>\n<meta property=\"og:url\" content=\"https:\/\/www.mediatronic.de\/2.0\/pc-systeme\/\" \/>\n<meta property=\"og:site_name\" content=\"MediaTronic\" \/>\n<meta property=\"article:publisher\" content=\"https:\/\/www.facebook.com\/Systemhaus.MediaTronic\" \/>\n<meta property=\"article:modified_time\" content=\"2015-02-23T13:43:33+00:00\" \/>\n<meta property=\"og:image\" content=\"https:\/\/www.mediatronic.de\/2.0\/wp-content\/uploads\/2014\/11\/pcsystem.jpg\" \/>\n<meta name=\"twitter:label1\" content=\"Gesch\u00e4tzte Lesezeit\" \/>\n\t<meta name=\"twitter:data1\" content=\"1\u00a0Minute\" \/>\n<script type=\"application\/ld+json\" class=\"yoast-schema-graph\">{\"@context\":\"https:\\\/\\\/schema.org\",\"@graph\":[{\"@type\":\"WebPage\",\"@id\":\"https:\\\/\\\/www.mediatronic.de\\\/2.0\\\/pc-systeme\\\/\",\"url\":\"https:\\\/\\\/www.mediatronic.de\\\/2.0\\\/pc-systeme\\\/\",\"name\":\"PC-Systeme - MediaTronic\",\"isPartOf\":{\"@id\":\"https:\\\/\\\/www.mediatronic.de\\\/2.0\\\/#website\"},\"primaryImageOfPage\":{\"@id\":\"https:\\\/\\\/www.mediatronic.de\\\/2.0\\\/pc-systeme\\\/#primaryimage\"},\"image\":{\"@id\":\"https:\\\/\\\/www.mediatronic.de\\\/2.0\\\/pc-systeme\\\/#primaryimage\"},\"thumbnailUrl\":\"https:\\\/\\\/www.mediatronic.de\\\/2.0\\\/wp-content\\\/uploads\\\/2014\\\/11\\\/pcsystem.jpg\",\"datePublished\":\"2014-11-14T16:18:47+00:00\",\"dateModified\":\"2015-02-23T13:43:33+00:00\",\"breadcrumb\":{\"@id\":\"https:\\\/\\\/www.mediatronic.de\\\/2.0\\\/pc-systeme\\\/#breadcrumb\"},\"inLanguage\":\"de\",\"potentialAction\":[{\"@type\":\"ReadAction\",\"target\":[\"https:\\\/\\\/www.mediatronic.de\\\/2.0\\\/pc-systeme\\\/\"]}]},{\"@type\":\"ImageObject\",\"inLanguage\":\"de\",\"@id\":\"https:\\\/\\\/www.mediatronic.de\\\/2.0\\\/pc-systeme\\\/#primaryimage\",\"url\":\"https:\\\/\\\/www.mediatronic.de\\\/2.0\\\/wp-content\\\/uploads\\\/2014\\\/11\\\/pcsystem.jpg\",\"contentUrl\":\"https:\\\/\\\/www.mediatronic.de\\\/2.0\\\/wp-content\\\/uploads\\\/2014\\\/11\\\/pcsystem.jpg\",\"width\":300,\"height\":300},{\"@type\":\"BreadcrumbList\",\"@id\":\"https:\\\/\\\/www.mediatronic.de\\\/2.0\\\/pc-systeme\\\/#breadcrumb\",\"itemListElement\":[{\"@type\":\"ListItem\",\"position\":1,\"name\":\"Startseite\",\"item\":\"https:\\\/\\\/www.mediatronic.de\\\/2.0\\\/\"},{\"@type\":\"ListItem\",\"position\":2,\"name\":\"PC-Systeme\"}]},{\"@type\":\"WebSite\",\"@id\":\"https:\\\/\\\/www.mediatronic.de\\\/2.0\\\/#website\",\"url\":\"https:\\\/\\\/www.mediatronic.de\\\/2.0\\\/\",\"name\":\"MediaTronic\",\"description\":\"Das Systemhaus in Cottbus-Kolkwitz und Finsterwalde\",\"potentialAction\":[{\"@type\":\"SearchAction\",\"target\":{\"@type\":\"EntryPoint\",\"urlTemplate\":\"https:\\\/\\\/www.mediatronic.de\\\/2.0\\\/?s={search_term_string}\"},\"query-input\":{\"@type\":\"PropertyValueSpecification\",\"valueRequired\":true,\"valueName\":\"search_term_string\"}}],\"inLanguage\":\"de\"}]}<\/script>\n<!-- \/ Yoast SEO plugin. -->","yoast_head_json":{"title":"PC-Systeme - MediaTronic","robots":{"index":"index","follow":"follow","max-snippet":"max-snippet:-1","max-image-preview":"max-image-preview:large","max-video-preview":"max-video-preview:-1"},"canonical":"https:\/\/www.mediatronic.de\/2.0\/pc-systeme\/","og_locale":"de_DE","og_type":"article","og_title":"PC-Systeme - MediaTronic","og_description":"Keine Lust auf veraltete Technik? Sie brauchen einen oder mehrere PCs? Aber Sie wollen keinen \u00fcberfl\u00fcssigen &#8222;Schnickschnack&#8220;? Das d\u00fcrfte ein Fall f\u00fcr uns sein. Unsere PC-Spezialisten stellen Ihre Wunschkonfiguration zusammen und installieren das von Ihnen gew\u00fcnschte Betriebssystem und auch gleich die von Ihnen ben\u00f6tigte Software. Egal ob Office-Anwendungen oder eine","og_url":"https:\/\/www.mediatronic.de\/2.0\/pc-systeme\/","og_site_name":"MediaTronic","article_publisher":"https:\/\/www.facebook.com\/Systemhaus.MediaTronic","article_modified_time":"2015-02-23T13:43:33+00:00","og_image":[{"url":"https:\/\/www.mediatronic.de\/2.0\/wp-content\/uploads\/2014\/11\/pcsystem.jpg","type":"","width":"","height":""}],"twitter_misc":{"Gesch\u00e4tzte Lesezeit":"1\u00a0Minute"},"schema":{"@context":"https:\/\/schema.org","@graph":[{"@type":"WebPage","@id":"https:\/\/www.mediatronic.de\/2.0\/pc-systeme\/","url":"https:\/\/www.mediatronic.de\/2.0\/pc-systeme\/","name":"PC-Systeme - MediaTronic","isPartOf":{"@id":"https:\/\/www.mediatronic.de\/2.0\/#website"},"primaryImageOfPage":{"@id":"https:\/\/www.mediatronic.de\/2.0\/pc-systeme\/#primaryimage"},"image":{"@id":"https:\/\/www.mediatronic.de\/2.0\/pc-systeme\/#primaryimage"},"thumbnailUrl":"https:\/\/www.mediatronic.de\/2.0\/wp-content\/uploads\/2014\/11\/pcsystem.jpg","datePublished":"2014-11-14T16:18:47+00:00","dateModified":"2015-02-23T13:43:33+00:00","breadcrumb":{"@id":"https:\/\/www.mediatronic.de\/2.0\/pc-systeme\/#breadcrumb"},"inLanguage":"de","potentialAction":[{"@type":"ReadAction","target":["https:\/\/www.mediatronic.de\/2.0\/pc-systeme\/"]}]},{"@type":"ImageObject","inLanguage":"de","@id":"https:\/\/www.mediatronic.de\/2.0\/pc-systeme\/#primaryimage","url":"https:\/\/www.mediatronic.de\/2.0\/wp-content\/uploads\/2014\/11\/pcsystem.jpg","contentUrl":"https:\/\/www.mediatronic.de\/2.0\/wp-content\/uploads\/2014\/11\/pcsystem.jpg","width":300,"height":300},{"@type":"BreadcrumbList","@id":"https:\/\/www.mediatronic.de\/2.0\/pc-systeme\/#breadcrumb","itemListElement":[{"@type":"ListItem","position":1,"name":"Startseite","item":"https:\/\/www.mediatronic.de\/2.0\/"},{"@type":"ListItem","position":2,"name":"PC-Systeme"}]},{"@type":"WebSite","@id":"https:\/\/www.mediatronic.de\/2.0\/#website","url":"https:\/\/www.mediatronic.de\/2.0\/","name":"MediaTronic","description":"Das Systemhaus in Cottbus-Kolkwitz und Finsterwalde","potentialAction":[{"@type":"SearchAction","target":{"@type":"EntryPoint","urlTemplate":"https:\/\/www.mediatronic.de\/2.0\/?s={search_term_string}"},"query-input":{"@type":"PropertyValueSpecification","valueRequired":true,"valueName":"search_term_string"}}],"inLanguage":"de"}]}},"jetpack_sharing_enabled":true,"jetpack_shortlink":"https:\/\/wp.me\/P5n3wk-J","_links":{"self":[{"href":"https:\/\/www.mediatronic.de\/2.0\/wp-json\/wp\/v2\/pages\/45","targetHints":{"allow":["GET"]}}],"collection":[{"href":"https:\/\/www.mediatronic.de\/2.0\/wp-json\/wp\/v2\/pages"}],"about":[{"href":"https:\/\/www.mediatronic.de\/2.0\/wp-json\/wp\/v2\/types\/page"}],"author":[{"embeddable":true,"href":"https:\/\/www.mediatronic.de\/2.0\/wp-json\/wp\/v2\/users\/1"}],"replies":[{"embeddable":true,"href":"https:\/\/www.mediatronic.de\/2.0\/wp-json\/wp\/v2\/comments?post=45"}],"version-history":[{"count":2,"href":"https:\/\/www.mediatronic.de\/2.0\/wp-json\/wp\/v2\/pages\/45\/revisions"}],"predecessor-version":[{"id":168,"href":"https:\/\/www.mediatronic.de\/2.0\/wp-json\/wp\/v2\/pages\/45\/revisions\/168"}],"wp:attachment":[{"href":"https:\/\/www.mediatronic.de\/2.0\/wp-json\/wp\/v2\/media?parent=45"}],"curies":[{"name":"wp","href":"https:\/\/api.w.org\/{rel}","templated":true}]}}