{"id":42,"date":"2014-11-14T16:17:28","date_gmt":"2014-11-14T16:17:28","guid":{"rendered":"http:\/\/mediatronic.de\/2.0\/?page_id=42"},"modified":"2015-02-23T14:43:11","modified_gmt":"2015-02-23T13:43:11","slug":"mobilfunk","status":"publish","type":"page","link":"https:\/\/www.mediatronic.de\/2.0\/mobilfunk\/","title":{"rendered":"Mobilfunk"},"content":{"rendered":"<h4 style=\"text-align: center;\">Sehr viel Unterwegs?<\/h4>\n<p style=\"text-align: justify;\"><img loading=\"lazy\" decoding=\"async\" class=\"alignleft wp-image-43 size-full\" src=\"https:\/\/www.mediatronic.de\/2.0\/wp-content\/uploads\/2014\/11\/mobilfunk.jpg\" alt=\"mobilfunk\" width=\"300\" height=\"300\" srcset=\"https:\/\/www.mediatronic.de\/2.0\/wp-content\/uploads\/2014\/11\/mobilfunk.jpg 300w, https:\/\/www.mediatronic.de\/2.0\/wp-content\/uploads\/2014\/11\/mobilfunk-150x150.jpg 150w, https:\/\/www.mediatronic.de\/2.0\/wp-content\/uploads\/2014\/11\/mobilfunk-225x225.jpg 225w, https:\/\/www.mediatronic.de\/2.0\/wp-content\/uploads\/2014\/11\/mobilfunk-75x75.jpg 75w\" sizes=\"auto, (max-width: 300px) 100vw, 300px\" \/>Sie wollen st\u00e4ndige Erreichbarkeit? Aber Sie sind sich nicht sicher, welchen Umfang das von Ihnen ben\u00f6tigte Angebot haben muss? Warum extra zu den verschiedenen Anbietern gehen und sich bei jedem alles von Anfang an anh\u00f6ren?<\/p>\n<p>In unseren Gesch\u00e4ftsfilialen haben Sie die M\u00f6glichkeit, den \u00dcberblick \u00fcber die Angebote aller Mobilfunkanbieter zu erhalten. Lassen Sie sich einfach von einem unserer Mitarbeiter objektiv beraten, welcher Anbieter und welcher Tarif am besten zu Ihnen passt.<\/p>\n<p>Aber auch wenn Sie bereits im Besitz eines Handys sind, finden Sie bei uns ein grosses Angebot an Zubeh\u00f6r wie zum Beispiel Freisprecheinrichtungen, Oberschalen oder Datenkabel mit passender PC-Software.<\/p>\n","protected":false},"excerpt":{"rendered":"<p>Sehr viel Unterwegs? Sie wollen st\u00e4ndige Erreichbarkeit? Aber Sie sind sich nicht sicher, welchen Umfang das von Ihnen ben\u00f6tigte Angebot haben muss? Warum extra zu den verschiedenen Anbietern gehen und sich bei jedem alles von Anfang an anh\u00f6ren? In unseren Gesch\u00e4ftsfilialen haben Sie die M\u00f6glichkeit, den \u00dcberblick \u00fcber die Angebote<\/p>\n","protected":false},"author":1,"featured_media":0,"parent":0,"menu_order":32,"comment_status":"closed","ping_status":"closed","template":"","meta":{"_monsterinsights_skip_tracking":false,"_monsterinsights_sitenote_active":false,"_monsterinsights_sitenote_note":"","_monsterinsights_sitenote_category":0,"jetpack_post_was_ever_published":false,"footnotes":""},"class_list":["post-42","page","type-page","status-publish","hentry"],"yoast_head":"<!-- This site is optimized with the Yoast SEO plugin v27.4 - https:\/\/yoast.com\/product\/yoast-seo-wordpress\/ -->\n<title>Mobilfunk - MediaTronic<\/title>\n<meta name=\"robots\" content=\"index, follow, max-snippet:-1, max-image-preview:large, max-video-preview:-1\" \/>\n<link rel=\"canonical\" href=\"https:\/\/www.mediatronic.de\/2.0\/mobilfunk\/\" \/>\n<meta property=\"og:locale\" content=\"de_DE\" \/>\n<meta property=\"og:type\" content=\"article\" \/>\n<meta property=\"og:title\" content=\"Mobilfunk - MediaTronic\" \/>\n<meta property=\"og:description\" content=\"Sehr viel Unterwegs? Sie wollen st\u00e4ndige Erreichbarkeit? Aber Sie sind sich nicht sicher, welchen Umfang das von Ihnen ben\u00f6tigte Angebot haben muss? Warum extra zu den verschiedenen Anbietern gehen und sich bei jedem alles von Anfang an anh\u00f6ren? In unseren Gesch\u00e4ftsfilialen haben Sie die M\u00f6glichkeit, den \u00dcberblick \u00fcber die Angebote\" \/>\n<meta property=\"og:url\" content=\"https:\/\/www.mediatronic.de\/2.0\/mobilfunk\/\" \/>\n<meta property=\"og:site_name\" content=\"MediaTronic\" \/>\n<meta property=\"article:publisher\" content=\"https:\/\/www.facebook.com\/Systemhaus.MediaTronic\" \/>\n<meta property=\"article:modified_time\" content=\"2015-02-23T13:43:11+00:00\" \/>\n<meta property=\"og:image\" content=\"https:\/\/www.mediatronic.de\/2.0\/wp-content\/uploads\/2014\/11\/mobilfunk.jpg\" \/>\n<meta name=\"twitter:label1\" content=\"Gesch\u00e4tzte Lesezeit\" \/>\n\t<meta name=\"twitter:data1\" content=\"1\u00a0Minute\" \/>\n<script type=\"application\/ld+json\" class=\"yoast-schema-graph\">{\"@context\":\"https:\\\/\\\/schema.org\",\"@graph\":[{\"@type\":\"WebPage\",\"@id\":\"https:\\\/\\\/www.mediatronic.de\\\/2.0\\\/mobilfunk\\\/\",\"url\":\"https:\\\/\\\/www.mediatronic.de\\\/2.0\\\/mobilfunk\\\/\",\"name\":\"Mobilfunk - MediaTronic\",\"isPartOf\":{\"@id\":\"https:\\\/\\\/www.mediatronic.de\\\/2.0\\\/#website\"},\"primaryImageOfPage\":{\"@id\":\"https:\\\/\\\/www.mediatronic.de\\\/2.0\\\/mobilfunk\\\/#primaryimage\"},\"image\":{\"@id\":\"https:\\\/\\\/www.mediatronic.de\\\/2.0\\\/mobilfunk\\\/#primaryimage\"},\"thumbnailUrl\":\"https:\\\/\\\/www.mediatronic.de\\\/2.0\\\/wp-content\\\/uploads\\\/2014\\\/11\\\/mobilfunk.jpg\",\"datePublished\":\"2014-11-14T16:17:28+00:00\",\"dateModified\":\"2015-02-23T13:43:11+00:00\",\"breadcrumb\":{\"@id\":\"https:\\\/\\\/www.mediatronic.de\\\/2.0\\\/mobilfunk\\\/#breadcrumb\"},\"inLanguage\":\"de\",\"potentialAction\":[{\"@type\":\"ReadAction\",\"target\":[\"https:\\\/\\\/www.mediatronic.de\\\/2.0\\\/mobilfunk\\\/\"]}]},{\"@type\":\"ImageObject\",\"inLanguage\":\"de\",\"@id\":\"https:\\\/\\\/www.mediatronic.de\\\/2.0\\\/mobilfunk\\\/#primaryimage\",\"url\":\"https:\\\/\\\/www.mediatronic.de\\\/2.0\\\/wp-content\\\/uploads\\\/2014\\\/11\\\/mobilfunk.jpg\",\"contentUrl\":\"https:\\\/\\\/www.mediatronic.de\\\/2.0\\\/wp-content\\\/uploads\\\/2014\\\/11\\\/mobilfunk.jpg\",\"width\":300,\"height\":300},{\"@type\":\"BreadcrumbList\",\"@id\":\"https:\\\/\\\/www.mediatronic.de\\\/2.0\\\/mobilfunk\\\/#breadcrumb\",\"itemListElement\":[{\"@type\":\"ListItem\",\"position\":1,\"name\":\"Startseite\",\"item\":\"https:\\\/\\\/www.mediatronic.de\\\/2.0\\\/\"},{\"@type\":\"ListItem\",\"position\":2,\"name\":\"Mobilfunk\"}]},{\"@type\":\"WebSite\",\"@id\":\"https:\\\/\\\/www.mediatronic.de\\\/2.0\\\/#website\",\"url\":\"https:\\\/\\\/www.mediatronic.de\\\/2.0\\\/\",\"name\":\"MediaTronic\",\"description\":\"Das Systemhaus in Cottbus-Kolkwitz und Finsterwalde\",\"potentialAction\":[{\"@type\":\"SearchAction\",\"target\":{\"@type\":\"EntryPoint\",\"urlTemplate\":\"https:\\\/\\\/www.mediatronic.de\\\/2.0\\\/?s={search_term_string}\"},\"query-input\":{\"@type\":\"PropertyValueSpecification\",\"valueRequired\":true,\"valueName\":\"search_term_string\"}}],\"inLanguage\":\"de\"}]}<\/script>\n<!-- \/ Yoast SEO plugin. -->","yoast_head_json":{"title":"Mobilfunk - MediaTronic","robots":{"index":"index","follow":"follow","max-snippet":"max-snippet:-1","max-image-preview":"max-image-preview:large","max-video-preview":"max-video-preview:-1"},"canonical":"https:\/\/www.mediatronic.de\/2.0\/mobilfunk\/","og_locale":"de_DE","og_type":"article","og_title":"Mobilfunk - MediaTronic","og_description":"Sehr viel Unterwegs? Sie wollen st\u00e4ndige Erreichbarkeit? Aber Sie sind sich nicht sicher, welchen Umfang das von Ihnen ben\u00f6tigte Angebot haben muss? Warum extra zu den verschiedenen Anbietern gehen und sich bei jedem alles von Anfang an anh\u00f6ren? In unseren Gesch\u00e4ftsfilialen haben Sie die M\u00f6glichkeit, den \u00dcberblick \u00fcber die Angebote","og_url":"https:\/\/www.mediatronic.de\/2.0\/mobilfunk\/","og_site_name":"MediaTronic","article_publisher":"https:\/\/www.facebook.com\/Systemhaus.MediaTronic","article_modified_time":"2015-02-23T13:43:11+00:00","og_image":[{"url":"https:\/\/www.mediatronic.de\/2.0\/wp-content\/uploads\/2014\/11\/mobilfunk.jpg","type":"","width":"","height":""}],"twitter_misc":{"Gesch\u00e4tzte Lesezeit":"1\u00a0Minute"},"schema":{"@context":"https:\/\/schema.org","@graph":[{"@type":"WebPage","@id":"https:\/\/www.mediatronic.de\/2.0\/mobilfunk\/","url":"https:\/\/www.mediatronic.de\/2.0\/mobilfunk\/","name":"Mobilfunk - MediaTronic","isPartOf":{"@id":"https:\/\/www.mediatronic.de\/2.0\/#website"},"primaryImageOfPage":{"@id":"https:\/\/www.mediatronic.de\/2.0\/mobilfunk\/#primaryimage"},"image":{"@id":"https:\/\/www.mediatronic.de\/2.0\/mobilfunk\/#primaryimage"},"thumbnailUrl":"https:\/\/www.mediatronic.de\/2.0\/wp-content\/uploads\/2014\/11\/mobilfunk.jpg","datePublished":"2014-11-14T16:17:28+00:00","dateModified":"2015-02-23T13:43:11+00:00","breadcrumb":{"@id":"https:\/\/www.mediatronic.de\/2.0\/mobilfunk\/#breadcrumb"},"inLanguage":"de","potentialAction":[{"@type":"ReadAction","target":["https:\/\/www.mediatronic.de\/2.0\/mobilfunk\/"]}]},{"@type":"ImageObject","inLanguage":"de","@id":"https:\/\/www.mediatronic.de\/2.0\/mobilfunk\/#primaryimage","url":"https:\/\/www.mediatronic.de\/2.0\/wp-content\/uploads\/2014\/11\/mobilfunk.jpg","contentUrl":"https:\/\/www.mediatronic.de\/2.0\/wp-content\/uploads\/2014\/11\/mobilfunk.jpg","width":300,"height":300},{"@type":"BreadcrumbList","@id":"https:\/\/www.mediatronic.de\/2.0\/mobilfunk\/#breadcrumb","itemListElement":[{"@type":"ListItem","position":1,"name":"Startseite","item":"https:\/\/www.mediatronic.de\/2.0\/"},{"@type":"ListItem","position":2,"name":"Mobilfunk"}]},{"@type":"WebSite","@id":"https:\/\/www.mediatronic.de\/2.0\/#website","url":"https:\/\/www.mediatronic.de\/2.0\/","name":"MediaTronic","description":"Das Systemhaus in Cottbus-Kolkwitz und Finsterwalde","potentialAction":[{"@type":"SearchAction","target":{"@type":"EntryPoint","urlTemplate":"https:\/\/www.mediatronic.de\/2.0\/?s={search_term_string}"},"query-input":{"@type":"PropertyValueSpecification","valueRequired":true,"valueName":"search_term_string"}}],"inLanguage":"de"}]}},"jetpack_sharing_enabled":true,"jetpack_shortlink":"https:\/\/wp.me\/P5n3wk-G","_links":{"self":[{"href":"https:\/\/www.mediatronic.de\/2.0\/wp-json\/wp\/v2\/pages\/42","targetHints":{"allow":["GET"]}}],"collection":[{"href":"https:\/\/www.mediatronic.de\/2.0\/wp-json\/wp\/v2\/pages"}],"about":[{"href":"https:\/\/www.mediatronic.de\/2.0\/wp-json\/wp\/v2\/types\/page"}],"author":[{"embeddable":true,"href":"https:\/\/www.mediatronic.de\/2.0\/wp-json\/wp\/v2\/users\/1"}],"replies":[{"embeddable":true,"href":"https:\/\/www.mediatronic.de\/2.0\/wp-json\/wp\/v2\/comments?post=42"}],"version-history":[{"count":2,"href":"https:\/\/www.mediatronic.de\/2.0\/wp-json\/wp\/v2\/pages\/42\/revisions"}],"predecessor-version":[{"id":167,"href":"https:\/\/www.mediatronic.de\/2.0\/wp-json\/wp\/v2\/pages\/42\/revisions\/167"}],"wp:attachment":[{"href":"https:\/\/www.mediatronic.de\/2.0\/wp-json\/wp\/v2\/media?parent=42"}],"curies":[{"name":"wp","href":"https:\/\/api.w.org\/{rel}","templated":true}]}}