{"id":38,"date":"2014-11-14T16:15:04","date_gmt":"2014-11-14T16:15:04","guid":{"rendered":"http:\/\/mediatronic.de\/2.0\/?page_id=38"},"modified":"2015-02-23T14:42:19","modified_gmt":"2015-02-23T13:42:19","slug":"telekommunikation","status":"publish","type":"page","link":"https:\/\/www.mediatronic.de\/2.0\/telekommunikation\/","title":{"rendered":"Telekommunikation"},"content":{"rendered":"<h4 style=\"text-align: center;\">Telefon, Fax, Internet und vieles mehr!<\/h4>\n<p style=\"text-align: justify;\"><img loading=\"lazy\" decoding=\"async\" class=\"alignleft wp-image-39 size-full\" src=\"https:\/\/www.mediatronic.de\/2.0\/wp-content\/uploads\/2014\/11\/telekommunikation.jpg\" alt=\"telekommunikation\" width=\"300\" height=\"300\" srcset=\"https:\/\/www.mediatronic.de\/2.0\/wp-content\/uploads\/2014\/11\/telekommunikation.jpg 300w, https:\/\/www.mediatronic.de\/2.0\/wp-content\/uploads\/2014\/11\/telekommunikation-150x150.jpg 150w, https:\/\/www.mediatronic.de\/2.0\/wp-content\/uploads\/2014\/11\/telekommunikation-225x225.jpg 225w, https:\/\/www.mediatronic.de\/2.0\/wp-content\/uploads\/2014\/11\/telekommunikation-75x75.jpg 75w\" sizes=\"auto, (max-width: 300px) 100vw, 300px\" \/>Wir planen mit Ihnen eine f\u00fcr Ihre Anspr\u00fcche passende Telekommunikationsanlage mit allem was dazu geh\u00f6rt. Dies beinhaltet nat\u00fcrlich auch die Beratung zu TK-Anlagen und die Vermittlung von Telefon- bzw. ISDN-Anschl\u00fcssen.<\/p>\n<p style=\"text-align: justify;\">Zur Installation und Einrichtung der TK-Anlagen und Endger\u00e4te geh\u00f6ren Verlege- und Serviceleistungen, sowie das Installieren von Verteilern und Kabelnetzen. All dies geschieht durch unsere qualifizierten Mitarbeiter in unserem gewohnt hohen Qualit\u00e4tsstandard.<\/p>\n<p style=\"text-align: justify;\">Auch nach getaner Arbeit bleiben wir selbstverst\u00e4ndlich mit Ihnen in Verbindung, um Ihnen bei eventuellen Problemen zu helfen oder Sie \u00fcber die neuesten Produkte und Fakten aus der Telekommunikationsbranche zu informieren.<\/p>\n","protected":false},"excerpt":{"rendered":"<p>Telefon, Fax, Internet und vieles mehr! Wir planen mit Ihnen eine f\u00fcr Ihre Anspr\u00fcche passende Telekommunikationsanlage mit allem was dazu geh\u00f6rt. Dies beinhaltet nat\u00fcrlich auch die Beratung zu TK-Anlagen und die Vermittlung von Telefon- bzw. ISDN-Anschl\u00fcssen. Zur Installation und Einrichtung der TK-Anlagen und Endger\u00e4te geh\u00f6ren Verlege- und Serviceleistungen, sowie das<\/p>\n","protected":false},"author":1,"featured_media":0,"parent":0,"menu_order":31,"comment_status":"closed","ping_status":"closed","template":"","meta":{"_monsterinsights_skip_tracking":false,"_monsterinsights_sitenote_active":false,"_monsterinsights_sitenote_note":"","_monsterinsights_sitenote_category":0,"jetpack_post_was_ever_published":false,"footnotes":""},"class_list":["post-38","page","type-page","status-publish","hentry"],"yoast_head":"<!-- This site is optimized with the Yoast SEO plugin v26.5 - https:\/\/yoast.com\/wordpress\/plugins\/seo\/ -->\n<title>Telekommunikation - MediaTronic<\/title>\n<meta name=\"robots\" content=\"index, follow, max-snippet:-1, max-image-preview:large, max-video-preview:-1\" \/>\n<link rel=\"canonical\" href=\"https:\/\/www.mediatronic.de\/2.0\/telekommunikation\/\" \/>\n<meta property=\"og:locale\" content=\"de_DE\" \/>\n<meta property=\"og:type\" content=\"article\" \/>\n<meta property=\"og:title\" content=\"Telekommunikation - MediaTronic\" \/>\n<meta property=\"og:description\" content=\"Telefon, Fax, Internet und vieles mehr! Wir planen mit Ihnen eine f\u00fcr Ihre Anspr\u00fcche passende Telekommunikationsanlage mit allem was dazu geh\u00f6rt. Dies beinhaltet nat\u00fcrlich auch die Beratung zu TK-Anlagen und die Vermittlung von Telefon- bzw. ISDN-Anschl\u00fcssen. Zur Installation und Einrichtung der TK-Anlagen und Endger\u00e4te geh\u00f6ren Verlege- und Serviceleistungen, sowie das\" \/>\n<meta property=\"og:url\" content=\"https:\/\/www.mediatronic.de\/2.0\/telekommunikation\/\" \/>\n<meta property=\"og:site_name\" content=\"MediaTronic\" \/>\n<meta property=\"article:publisher\" content=\"https:\/\/www.facebook.com\/Systemhaus.MediaTronic\" \/>\n<meta property=\"article:modified_time\" content=\"2015-02-23T13:42:19+00:00\" \/>\n<meta property=\"og:image\" content=\"https:\/\/www.mediatronic.de\/2.0\/wp-content\/uploads\/2014\/11\/telekommunikation.jpg\" \/>\n<meta name=\"twitter:label1\" content=\"Gesch\u00e4tzte Lesezeit\" \/>\n\t<meta name=\"twitter:data1\" content=\"1\u00a0Minute\" \/>\n<script type=\"application\/ld+json\" class=\"yoast-schema-graph\">{\"@context\":\"https:\/\/schema.org\",\"@graph\":[{\"@type\":\"WebPage\",\"@id\":\"https:\/\/www.mediatronic.de\/2.0\/telekommunikation\/\",\"url\":\"https:\/\/www.mediatronic.de\/2.0\/telekommunikation\/\",\"name\":\"Telekommunikation - MediaTronic\",\"isPartOf\":{\"@id\":\"https:\/\/www.mediatronic.de\/2.0\/#website\"},\"primaryImageOfPage\":{\"@id\":\"https:\/\/www.mediatronic.de\/2.0\/telekommunikation\/#primaryimage\"},\"image\":{\"@id\":\"https:\/\/www.mediatronic.de\/2.0\/telekommunikation\/#primaryimage\"},\"thumbnailUrl\":\"https:\/\/www.mediatronic.de\/2.0\/wp-content\/uploads\/2014\/11\/telekommunikation.jpg\",\"datePublished\":\"2014-11-14T16:15:04+00:00\",\"dateModified\":\"2015-02-23T13:42:19+00:00\",\"breadcrumb\":{\"@id\":\"https:\/\/www.mediatronic.de\/2.0\/telekommunikation\/#breadcrumb\"},\"inLanguage\":\"de\",\"potentialAction\":[{\"@type\":\"ReadAction\",\"target\":[\"https:\/\/www.mediatronic.de\/2.0\/telekommunikation\/\"]}]},{\"@type\":\"ImageObject\",\"inLanguage\":\"de\",\"@id\":\"https:\/\/www.mediatronic.de\/2.0\/telekommunikation\/#primaryimage\",\"url\":\"https:\/\/www.mediatronic.de\/2.0\/wp-content\/uploads\/2014\/11\/telekommunikation.jpg\",\"contentUrl\":\"https:\/\/www.mediatronic.de\/2.0\/wp-content\/uploads\/2014\/11\/telekommunikation.jpg\",\"width\":300,\"height\":300},{\"@type\":\"BreadcrumbList\",\"@id\":\"https:\/\/www.mediatronic.de\/2.0\/telekommunikation\/#breadcrumb\",\"itemListElement\":[{\"@type\":\"ListItem\",\"position\":1,\"name\":\"Startseite\",\"item\":\"https:\/\/www.mediatronic.de\/2.0\/\"},{\"@type\":\"ListItem\",\"position\":2,\"name\":\"Telekommunikation\"}]},{\"@type\":\"WebSite\",\"@id\":\"https:\/\/www.mediatronic.de\/2.0\/#website\",\"url\":\"https:\/\/www.mediatronic.de\/2.0\/\",\"name\":\"MediaTronic\",\"description\":\"Das Systemhaus in Cottbus-Kolkwitz und Finsterwalde\",\"potentialAction\":[{\"@type\":\"SearchAction\",\"target\":{\"@type\":\"EntryPoint\",\"urlTemplate\":\"https:\/\/www.mediatronic.de\/2.0\/?s={search_term_string}\"},\"query-input\":{\"@type\":\"PropertyValueSpecification\",\"valueRequired\":true,\"valueName\":\"search_term_string\"}}],\"inLanguage\":\"de\"}]}<\/script>\n<!-- \/ Yoast SEO plugin. -->","yoast_head_json":{"title":"Telekommunikation - MediaTronic","robots":{"index":"index","follow":"follow","max-snippet":"max-snippet:-1","max-image-preview":"max-image-preview:large","max-video-preview":"max-video-preview:-1"},"canonical":"https:\/\/www.mediatronic.de\/2.0\/telekommunikation\/","og_locale":"de_DE","og_type":"article","og_title":"Telekommunikation - MediaTronic","og_description":"Telefon, Fax, Internet und vieles mehr! Wir planen mit Ihnen eine f\u00fcr Ihre Anspr\u00fcche passende Telekommunikationsanlage mit allem was dazu geh\u00f6rt. Dies beinhaltet nat\u00fcrlich auch die Beratung zu TK-Anlagen und die Vermittlung von Telefon- bzw. ISDN-Anschl\u00fcssen. Zur Installation und Einrichtung der TK-Anlagen und Endger\u00e4te geh\u00f6ren Verlege- und Serviceleistungen, sowie das","og_url":"https:\/\/www.mediatronic.de\/2.0\/telekommunikation\/","og_site_name":"MediaTronic","article_publisher":"https:\/\/www.facebook.com\/Systemhaus.MediaTronic","article_modified_time":"2015-02-23T13:42:19+00:00","og_image":[{"url":"https:\/\/www.mediatronic.de\/2.0\/wp-content\/uploads\/2014\/11\/telekommunikation.jpg","type":"","width":"","height":""}],"twitter_misc":{"Gesch\u00e4tzte Lesezeit":"1\u00a0Minute"},"schema":{"@context":"https:\/\/schema.org","@graph":[{"@type":"WebPage","@id":"https:\/\/www.mediatronic.de\/2.0\/telekommunikation\/","url":"https:\/\/www.mediatronic.de\/2.0\/telekommunikation\/","name":"Telekommunikation - MediaTronic","isPartOf":{"@id":"https:\/\/www.mediatronic.de\/2.0\/#website"},"primaryImageOfPage":{"@id":"https:\/\/www.mediatronic.de\/2.0\/telekommunikation\/#primaryimage"},"image":{"@id":"https:\/\/www.mediatronic.de\/2.0\/telekommunikation\/#primaryimage"},"thumbnailUrl":"https:\/\/www.mediatronic.de\/2.0\/wp-content\/uploads\/2014\/11\/telekommunikation.jpg","datePublished":"2014-11-14T16:15:04+00:00","dateModified":"2015-02-23T13:42:19+00:00","breadcrumb":{"@id":"https:\/\/www.mediatronic.de\/2.0\/telekommunikation\/#breadcrumb"},"inLanguage":"de","potentialAction":[{"@type":"ReadAction","target":["https:\/\/www.mediatronic.de\/2.0\/telekommunikation\/"]}]},{"@type":"ImageObject","inLanguage":"de","@id":"https:\/\/www.mediatronic.de\/2.0\/telekommunikation\/#primaryimage","url":"https:\/\/www.mediatronic.de\/2.0\/wp-content\/uploads\/2014\/11\/telekommunikation.jpg","contentUrl":"https:\/\/www.mediatronic.de\/2.0\/wp-content\/uploads\/2014\/11\/telekommunikation.jpg","width":300,"height":300},{"@type":"BreadcrumbList","@id":"https:\/\/www.mediatronic.de\/2.0\/telekommunikation\/#breadcrumb","itemListElement":[{"@type":"ListItem","position":1,"name":"Startseite","item":"https:\/\/www.mediatronic.de\/2.0\/"},{"@type":"ListItem","position":2,"name":"Telekommunikation"}]},{"@type":"WebSite","@id":"https:\/\/www.mediatronic.de\/2.0\/#website","url":"https:\/\/www.mediatronic.de\/2.0\/","name":"MediaTronic","description":"Das Systemhaus in Cottbus-Kolkwitz und Finsterwalde","potentialAction":[{"@type":"SearchAction","target":{"@type":"EntryPoint","urlTemplate":"https:\/\/www.mediatronic.de\/2.0\/?s={search_term_string}"},"query-input":{"@type":"PropertyValueSpecification","valueRequired":true,"valueName":"search_term_string"}}],"inLanguage":"de"}]}},"jetpack_sharing_enabled":true,"jetpack_shortlink":"https:\/\/wp.me\/P5n3wk-C","_links":{"self":[{"href":"https:\/\/www.mediatronic.de\/2.0\/wp-json\/wp\/v2\/pages\/38","targetHints":{"allow":["GET"]}}],"collection":[{"href":"https:\/\/www.mediatronic.de\/2.0\/wp-json\/wp\/v2\/pages"}],"about":[{"href":"https:\/\/www.mediatronic.de\/2.0\/wp-json\/wp\/v2\/types\/page"}],"author":[{"embeddable":true,"href":"https:\/\/www.mediatronic.de\/2.0\/wp-json\/wp\/v2\/users\/1"}],"replies":[{"embeddable":true,"href":"https:\/\/www.mediatronic.de\/2.0\/wp-json\/wp\/v2\/comments?post=38"}],"version-history":[{"count":2,"href":"https:\/\/www.mediatronic.de\/2.0\/wp-json\/wp\/v2\/pages\/38\/revisions"}],"predecessor-version":[{"id":41,"href":"https:\/\/www.mediatronic.de\/2.0\/wp-json\/wp\/v2\/pages\/38\/revisions\/41"}],"wp:attachment":[{"href":"https:\/\/www.mediatronic.de\/2.0\/wp-json\/wp\/v2\/media?parent=38"}],"curies":[{"name":"wp","href":"https:\/\/api.w.org\/{rel}","templated":true}]}}