{"id":23,"date":"2014-11-14T14:25:53","date_gmt":"2014-11-14T14:25:53","guid":{"rendered":"http:\/\/mediatronic.de\/2.0\/?page_id=23"},"modified":"2016-01-04T12:58:13","modified_gmt":"2016-01-04T11:58:13","slug":"ueber-uns","status":"publish","type":"page","link":"https:\/\/www.mediatronic.de\/2.0\/ueber-uns\/","title":{"rendered":"\u00dcber uns"},"content":{"rendered":"<table class=\" alignleft\" style=\"width: 100%;\" border=\"0\" cellspacing=\"0\" cellpadding=\"0\">\n<thead>\n<tr>\n<td style=\"width: 50%;\">\n<h4>Ihr Erfolg ist unser Erfolg<\/h4>\n<\/td>\n<td style=\"width: 50%;\">\n<h4>Unsere St\u00e4rken<\/h4>\n<\/td>\n<\/tr>\n<\/thead>\n<tbody>\n<tr>\n<td style=\"vertical-align: top;\">Der Name MediaTronic steht mittlerweile seit 28 Jahren f\u00fcr Full-Service L\u00f6sungen im Bereich Informations- und Kommunikationselektronik (ITK).<br \/> Durch die Schnelllebigkeit der neuen digitalen Welt und ihrer interaktiven Medien, sind wir stets darauf bedacht,<br \/> die Trends und Str\u00f6mungen im Auge zu behalten und sie, soweit sinnvoll, f\u00fcr unsere Kunden sofort umzusetzen.<br \/> Unser Ziel sind ma\u00dfgeschneiderte L\u00f6sungen f\u00fcr Ihre Kommunikationsaufgaben, unabh\u00e4ngig von der Gr\u00f6\u00dfe Ihres Unternehmens oder der Anzahl Ihrer Mitarbeiter, zu ad\u00e4quaten Kosten. Sie nennen uns Ihre unternehmerischen Anforderungen und Bed\u00fcrfnisse, wir setzen sie professionell und kreativ um.<br \/> Nicht nur mit unserem Knowhow, sondern auch mit Herz und Verstand stehen wir Ihnen bei der L\u00f6sung Ihrer Anforderungen zur Seite. Der pers\u00f6nliche Kontakt mit unseren Kunden ist f\u00fcr uns das A und O. Denn es ist unsere Philosophie und unsere Leidenschaft, Ihnen das Leben und somit Ihnen Ihre t\u00e4glichen Gesch\u00e4ftsprozesse zu erleichtern. Auf diese Art und Weise ist es uns gelungen, mit unseren Kunden langj\u00e4hrige Gesch\u00e4ftsbeziehungen aufzubauen, von denen beide Seiten profitieren.<br \/> Ihr Qualit\u00e4tsbewusstsein ist unser h\u00f6chster Ma\u00dfstab.<\/p>\n<p><strong>Testen Sie uns!<\/strong><\/p>\n<p>Ihr MediaTronic-Team freut sich auf Sie!<\/p>\n<\/td>\n<td style=\"vertical-align: top;\">\n<ul>\n<li><strong>Telekommunikation:<\/strong><br \/> TK-Anlagen, Mobilfunk &#8211; alle Netze &#8211; und Vertragsverl\u00e4ngerungen, Festnetzger\u00e4te &#8211; alles vom Anschluss bis zur Einrichtung<\/li>\n<li><strong> Businesskunden- und Rahmenvertragsservice:<\/strong><br \/> Rabatte bis zu 20% f\u00fcr Sie<\/li>\n<li><strong> IT-Systemhaus:<\/strong><br \/> Hard- und Software, Netzwerke und Serversysteme, Softwareentwicklung, PC-Service<\/li>\n<li><strong> Voice-over-IP\/ISDN-over-IP:<\/strong><br \/> Konzeption und Realisierung von innovativen TK-L\u00f6sungen<\/li>\n<li><strong> Unified Messaging:<\/strong><br \/> Alle Informationen \u00fcberall und jederzeit<\/li>\n<li><strong> Schulungen &amp; Consulting f\u00fcr TK und IT:<\/strong><br \/> Individuelle Schulungen vor Ort oder als Seminar<\/li>\n<li><strong> Security Center:<\/strong><br \/> Virenschutz, Spam und Infektionsbeseitigung, Datenwiederherstellung, Datenverschl\u00fcsselung<\/li>\n<li><strong>Garantie- und Repairservice:<\/strong><br \/>Samsung, Sony, Microsoft\/Nokia und HTC Servicepoint<\/li>\n<\/ul>\n<\/td>\n<\/tr>\n<\/tbody>\n<\/table>\n","protected":false},"excerpt":{"rendered":"<p>Ihr Erfolg ist unser Erfolg Unsere St\u00e4rken Der Name MediaTronic steht mittlerweile seit Jahren f\u00fcr Full-Service L\u00f6sungen im Bereich Informations- und Kommunikationselektronik (ITK). Durch die Schnelllebigkeit der neuen digitalen Welt und ihrer interaktiven Medien, sind wir stets darauf bedacht, die Trends und Str\u00f6mungen im Auge zu behalten und sie, soweit<\/p>\n","protected":false},"author":1,"featured_media":0,"parent":0,"menu_order":20,"comment_status":"closed","ping_status":"closed","template":"","meta":{"_monsterinsights_skip_tracking":false,"_monsterinsights_sitenote_active":false,"_monsterinsights_sitenote_note":"","_monsterinsights_sitenote_category":0,"jetpack_post_was_ever_published":false,"footnotes":""},"class_list":["post-23","page","type-page","status-publish","hentry"],"yoast_head":"<!-- This site is optimized with the Yoast SEO plugin v27.4 - https:\/\/yoast.com\/product\/yoast-seo-wordpress\/ -->\n<title>\u00dcber uns - MediaTronic<\/title>\n<meta name=\"robots\" content=\"index, follow, max-snippet:-1, max-image-preview:large, max-video-preview:-1\" \/>\n<link rel=\"canonical\" href=\"https:\/\/www.mediatronic.de\/2.0\/ueber-uns\/\" \/>\n<meta property=\"og:locale\" content=\"de_DE\" \/>\n<meta property=\"og:type\" content=\"article\" \/>\n<meta property=\"og:title\" content=\"\u00dcber uns - MediaTronic\" \/>\n<meta property=\"og:description\" content=\"Ihr Erfolg ist unser Erfolg Unsere St\u00e4rken Der Name MediaTronic steht mittlerweile seit Jahren f\u00fcr Full-Service L\u00f6sungen im Bereich Informations- und Kommunikationselektronik (ITK). Durch die Schnelllebigkeit der neuen digitalen Welt und ihrer interaktiven Medien, sind wir stets darauf bedacht, die Trends und Str\u00f6mungen im Auge zu behalten und sie, soweit\" \/>\n<meta property=\"og:url\" content=\"https:\/\/www.mediatronic.de\/2.0\/ueber-uns\/\" \/>\n<meta property=\"og:site_name\" content=\"MediaTronic\" \/>\n<meta property=\"article:publisher\" content=\"https:\/\/www.facebook.com\/Systemhaus.MediaTronic\" \/>\n<meta property=\"article:modified_time\" content=\"2016-01-04T11:58:13+00:00\" \/>\n<meta name=\"twitter:label1\" content=\"Gesch\u00e4tzte Lesezeit\" \/>\n\t<meta name=\"twitter:data1\" content=\"1\u00a0Minute\" \/>\n<script type=\"application\/ld+json\" class=\"yoast-schema-graph\">{\"@context\":\"https:\\\/\\\/schema.org\",\"@graph\":[{\"@type\":\"WebPage\",\"@id\":\"https:\\\/\\\/www.mediatronic.de\\\/2.0\\\/ueber-uns\\\/\",\"url\":\"https:\\\/\\\/www.mediatronic.de\\\/2.0\\\/ueber-uns\\\/\",\"name\":\"\u00dcber uns - MediaTronic\",\"isPartOf\":{\"@id\":\"https:\\\/\\\/www.mediatronic.de\\\/2.0\\\/#website\"},\"datePublished\":\"2014-11-14T14:25:53+00:00\",\"dateModified\":\"2016-01-04T11:58:13+00:00\",\"breadcrumb\":{\"@id\":\"https:\\\/\\\/www.mediatronic.de\\\/2.0\\\/ueber-uns\\\/#breadcrumb\"},\"inLanguage\":\"de\",\"potentialAction\":[{\"@type\":\"ReadAction\",\"target\":[\"https:\\\/\\\/www.mediatronic.de\\\/2.0\\\/ueber-uns\\\/\"]}]},{\"@type\":\"BreadcrumbList\",\"@id\":\"https:\\\/\\\/www.mediatronic.de\\\/2.0\\\/ueber-uns\\\/#breadcrumb\",\"itemListElement\":[{\"@type\":\"ListItem\",\"position\":1,\"name\":\"Startseite\",\"item\":\"https:\\\/\\\/www.mediatronic.de\\\/2.0\\\/\"},{\"@type\":\"ListItem\",\"position\":2,\"name\":\"\u00dcber uns\"}]},{\"@type\":\"WebSite\",\"@id\":\"https:\\\/\\\/www.mediatronic.de\\\/2.0\\\/#website\",\"url\":\"https:\\\/\\\/www.mediatronic.de\\\/2.0\\\/\",\"name\":\"MediaTronic\",\"description\":\"Das Systemhaus in Cottbus-Kolkwitz und Finsterwalde\",\"potentialAction\":[{\"@type\":\"SearchAction\",\"target\":{\"@type\":\"EntryPoint\",\"urlTemplate\":\"https:\\\/\\\/www.mediatronic.de\\\/2.0\\\/?s={search_term_string}\"},\"query-input\":{\"@type\":\"PropertyValueSpecification\",\"valueRequired\":true,\"valueName\":\"search_term_string\"}}],\"inLanguage\":\"de\"}]}<\/script>\n<!-- \/ Yoast SEO plugin. -->","yoast_head_json":{"title":"\u00dcber uns - MediaTronic","robots":{"index":"index","follow":"follow","max-snippet":"max-snippet:-1","max-image-preview":"max-image-preview:large","max-video-preview":"max-video-preview:-1"},"canonical":"https:\/\/www.mediatronic.de\/2.0\/ueber-uns\/","og_locale":"de_DE","og_type":"article","og_title":"\u00dcber uns - MediaTronic","og_description":"Ihr Erfolg ist unser Erfolg Unsere St\u00e4rken Der Name MediaTronic steht mittlerweile seit Jahren f\u00fcr Full-Service L\u00f6sungen im Bereich Informations- und Kommunikationselektronik (ITK). Durch die Schnelllebigkeit der neuen digitalen Welt und ihrer interaktiven Medien, sind wir stets darauf bedacht, die Trends und Str\u00f6mungen im Auge zu behalten und sie, soweit","og_url":"https:\/\/www.mediatronic.de\/2.0\/ueber-uns\/","og_site_name":"MediaTronic","article_publisher":"https:\/\/www.facebook.com\/Systemhaus.MediaTronic","article_modified_time":"2016-01-04T11:58:13+00:00","twitter_misc":{"Gesch\u00e4tzte Lesezeit":"1\u00a0Minute"},"schema":{"@context":"https:\/\/schema.org","@graph":[{"@type":"WebPage","@id":"https:\/\/www.mediatronic.de\/2.0\/ueber-uns\/","url":"https:\/\/www.mediatronic.de\/2.0\/ueber-uns\/","name":"\u00dcber uns - MediaTronic","isPartOf":{"@id":"https:\/\/www.mediatronic.de\/2.0\/#website"},"datePublished":"2014-11-14T14:25:53+00:00","dateModified":"2016-01-04T11:58:13+00:00","breadcrumb":{"@id":"https:\/\/www.mediatronic.de\/2.0\/ueber-uns\/#breadcrumb"},"inLanguage":"de","potentialAction":[{"@type":"ReadAction","target":["https:\/\/www.mediatronic.de\/2.0\/ueber-uns\/"]}]},{"@type":"BreadcrumbList","@id":"https:\/\/www.mediatronic.de\/2.0\/ueber-uns\/#breadcrumb","itemListElement":[{"@type":"ListItem","position":1,"name":"Startseite","item":"https:\/\/www.mediatronic.de\/2.0\/"},{"@type":"ListItem","position":2,"name":"\u00dcber uns"}]},{"@type":"WebSite","@id":"https:\/\/www.mediatronic.de\/2.0\/#website","url":"https:\/\/www.mediatronic.de\/2.0\/","name":"MediaTronic","description":"Das Systemhaus in Cottbus-Kolkwitz und Finsterwalde","potentialAction":[{"@type":"SearchAction","target":{"@type":"EntryPoint","urlTemplate":"https:\/\/www.mediatronic.de\/2.0\/?s={search_term_string}"},"query-input":{"@type":"PropertyValueSpecification","valueRequired":true,"valueName":"search_term_string"}}],"inLanguage":"de"}]}},"jetpack_sharing_enabled":true,"jetpack_shortlink":"https:\/\/wp.me\/P5n3wk-n","_links":{"self":[{"href":"https:\/\/www.mediatronic.de\/2.0\/wp-json\/wp\/v2\/pages\/23","targetHints":{"allow":["GET"]}}],"collection":[{"href":"https:\/\/www.mediatronic.de\/2.0\/wp-json\/wp\/v2\/pages"}],"about":[{"href":"https:\/\/www.mediatronic.de\/2.0\/wp-json\/wp\/v2\/types\/page"}],"author":[{"embeddable":true,"href":"https:\/\/www.mediatronic.de\/2.0\/wp-json\/wp\/v2\/users\/1"}],"replies":[{"embeddable":true,"href":"https:\/\/www.mediatronic.de\/2.0\/wp-json\/wp\/v2\/comments?post=23"}],"version-history":[{"count":14,"href":"https:\/\/www.mediatronic.de\/2.0\/wp-json\/wp\/v2\/pages\/23\/revisions"}],"predecessor-version":[{"id":28,"href":"https:\/\/www.mediatronic.de\/2.0\/wp-json\/wp\/v2\/pages\/23\/revisions\/28"}],"wp:attachment":[{"href":"https:\/\/www.mediatronic.de\/2.0\/wp-json\/wp\/v2\/media?parent=23"}],"curies":[{"name":"wp","href":"https:\/\/api.w.org\/{rel}","templated":true}]}}